{"id":5044,"date":"2018-11-02T10:48:54","date_gmt":"2018-11-02T10:48:54","guid":{"rendered":"https:\/\/brand2024.compuworks.pt\/sitemap\/"},"modified":"2025-08-26T16:36:18","modified_gmt":"2025-08-26T16:36:18","slug":"sitemap","status":"publish","type":"page","link":"https:\/\/compuworks.pt\/en\/sitemap\/","title":{"rendered":"Sitemap"},"content":{"rendered":"<div class=\"wpb-content-wrapper\"><p>[vc_row full_width=&#8221;stretch_row&#8221; el_id=&#8221;top&#8221; el_class=&#8221;dark-bg header-bg-purple&#8221;][vc_column css=&#8221;.vc_custom_1684492694558{padding-top: 50px !important;}&#8221;][vc_row_inner el_class=&#8221;vc_hidden-sm vc_hidden-xs&#8221; css=&#8221;.vc_custom_1698824826600{padding-top: 0px !important;padding-bottom: 5px !important;}&#8221;][vc_column_inner]<style type=\"text\/css\" data-type=\"the7_shortcodes-inline-css\">.dt-breadcrumbs-id-e7d306805fff9a06a95e94f823a3dba5 .breadcrumbs {\n  display: inline-block;\n  margin: 0;\n  padding: 0px 0px 0px 0px;\n  border: 0px solid ;\n  border-radius: 0px;\n}\n.dt-breadcrumbs-id-e7d306805fff9a06a95e94f823a3dba5 .breadcrumbs * {\n  font-size: 11px;\n  font-weight: bold;\n  text-transform: uppercase;\n  color: #ffffff;\n}<\/style><div class=\"dt-breadcrumbs-shortcode dt-breadcrumbs-id-e7d306805fff9a06a95e94f823a3dba5 align-left\"><div class=\"assistive-text\">You are here:<\/div><ol class=\"breadcrumbs text-small\" itemscope itemtype=\"https:\/\/schema.org\/BreadcrumbList\"><li itemprop=\"itemListElement\" itemscope itemtype=\"https:\/\/schema.org\/ListItem\"><a itemprop=\"item\" href=\"https:\/\/compuworks.pt\/en\/\" title=\"Home\"><span itemprop=\"name\">Home<\/span><\/a><meta itemprop=\"position\" content=\"1\" \/><\/li><li class=\"current\" itemprop=\"itemListElement\" itemscope itemtype=\"https:\/\/schema.org\/ListItem\"><span itemprop=\"name\">Page<\/span><meta itemprop=\"position\" content=\"2\" \/><\/li><\/ol><\/div>[\/vc_column_inner][\/vc_row_inner][vc_row_inner equal_height=&#8221;yes&#8221; content_placement=&#8221;top&#8221; css=&#8221;.vc_custom_1698824822628{padding-top: 0px !important;padding-bottom: 50px !important;}&#8221;][vc_column_inner offset=&#8221;vc_col-md-3\/5&#8243;][vc_column_text]<\/p>\n<h1 class=\"color-1-blue\">We Work, IT Works.<\/h1>\n<p>[\/vc_column_text][vc_column_text css=&#8221;&#8221; el_class=&#8221;white&#8221;]<\/p>\n<h2 class=\"h4-size white\">We make IT Work.<\/h2>\n<p>[\/vc_column_text]<style type=\"text\/css\" data-type=\"the7_shortcodes-inline-css\">#default-btn-8ced9abacd81e1e99b8333b641d66697 {\n  border-radius: 1px;\n  font-size: 14px;\n  line-height: 16px;\n}\n.btn-shadow#default-btn-8ced9abacd81e1e99b8333b641d66697 {\n  box-shadow: 0 1px 6px rgba(0,0,0,0.12);\n  transition: box-shadow 0.2s ease-out, opacity 0.45s;\n}\n.btn-shadow#default-btn-8ced9abacd81e1e99b8333b641d66697:hover {\n  box-shadow: 0 5px 11px 0 rgba(0,0,0,0.18), 0 4px 15px 0 rgba(0,0,0,0.15);\n}\n.btn-flat#default-btn-8ced9abacd81e1e99b8333b641d66697 {\n  box-shadow: none;\n}\n.btn-flat#default-btn-8ced9abacd81e1e99b8333b641d66697:hover {\n  box-shadow: none;\n}\n#default-btn-8ced9abacd81e1e99b8333b641d66697.ico-right-side > i {\n  margin-right: 0px;\n  margin-left: 8px;\n}\n#default-btn-8ced9abacd81e1e99b8333b641d66697 > i {\n  margin-right: 8px;\n  font-size: 12px;\n}\n#default-btn-8ced9abacd81e1e99b8333b641d66697:not(:hover) {\n  border-width: 0px;\n  padding: 0px 0px 0px 0px;\n}\n#default-btn-8ced9abacd81e1e99b8333b641d66697:hover {\n  border-width: 0px;\n  padding: 0px 0px 0px 0px;\n}\n#default-btn-8ced9abacd81e1e99b8333b641d66697.ico-right-side > i {\n  margin-right: 0px;\n  margin-left: 8px;\n}\n#default-btn-8ced9abacd81e1e99b8333b641d66697 > i {\n  margin-right: 8px;\n}<\/style><div class=\"btn-align-left\"><a href=\"#search-pages\" class=\"default-btn-shortcode dt-btn link-hover-off anchor-link btn-blue btn-flat \" id=\"default-btn-8ced9abacd81e1e99b8333b641d66697\"><span>FIND YOUR PAGE<\/span><\/a><\/div>[\/vc_column_inner][vc_column_inner offset=&#8221;vc_col-md-2\/5 vc_hidden-sm vc_hidden-xs&#8221;][\/vc_column_inner][\/vc_row_inner][\/vc_column][\/vc_row][vc_row css=&#8221;.vc_custom_1699965773157{padding-top: 60px !important;}&#8221; el_id=&#8221;search-pages&#8221;][vc_column][vc_wp_search title=&#8221;Search site&#8221;][\/vc_column][\/vc_row][vc_row css=&#8221;.vc_custom_1699962344889{padding-top: 60px !important;padding-bottom: 60px !important;}&#8221;][vc_column width=&#8221;2\/3&#8243;][vc_column_text css=&#8221;&#8221;]<\/p>\n<h2>Pages<\/h2>\n<p><a href=\"https:\/\/compuworks.pt\/en\/\">Home<\/a><\/p>\n<h4>IT Services<\/h4>\n<p><a href=\"https:\/\/compuworks.pt\/en\/it-services\/computer-support-services\/\">Computer support services for business<\/a><\/p>\n<p><a href=\"https:\/\/compuworks.pt\/en\/services\/it-outsourcing\/\">IT Outsourcing services<\/a><\/p>\n<p><a href=\"https:\/\/compuworks.pt\/en\/it-services\/managed-service-provider\/\">Managed service provider (MSP)<\/a><\/p>\n<p><a href=\"https:\/\/compuworks.pt\/en\/it-services\/it-security-services\/\">IT Security services<\/a><\/p>\n<h4>IT Solutions<\/h4>\n<p><a href=\"https:\/\/compuworks.pt\/en\/it-solutions\/it-infrastructure-management\/\">IT Infrastructure management<\/a><\/p>\n<p><a href=\"https:\/\/compuworks.pt\/en\/it-solutions\/network-endpoint-security\/\">Network and Endpoint security<\/a><\/p>\n<p><a href=\"https:\/\/compuworks.pt\/en\/it-solutions\/data-backup-recovery\/\">Data Backup and Recovery<\/a><\/p>\n<p><a href=\"https:\/\/compuworks.pt\/en\/it-solutions\/cloud-computing-services\/\">Cloud Computing Services<\/a><\/p>\n<h4>Compuworks<\/h4>\n<p><a href=\"https:\/\/compuworks.pt\/en\/company\/\">About Compuworks<\/a><\/p>\n<p><a href=\"https:\/\/compuworks.pt\/en\/company\/working-models\/\">Working Models<\/a><\/p>\n<p><a href=\"https:\/\/compuworks.pt\/en\/company\/applications\/\">Applications<\/a><\/p>\n<p><a href=\"https:\/\/compuworks.pt\/en\/company\/support-24-7\/\">Support 24\/7<\/a><\/p>\n<p><a href=\"https:\/\/compuworks.pt\/en\/contact\/\">Contact us<\/a><\/p>\n<p><a href=\"https:\/\/compuworks.pt\/en\/testimonials\/\">Client Testimonials<\/a><\/p>\n<h4>Contacts<\/h4>\n<p><a href=\"https:\/\/compuworks.pt\/en\/contact\/\">Contact us<\/a><\/p>\n<p><a href=\"https:\/\/compuworks.pt\/en\/company\/support-24-7\/\">Support 24\/7: Permanent assistance<\/a><\/p>\n<p><a href=\"https:\/\/get.teamviewer.com\/ft65ymt\">Remote Support<\/a><\/p>\n<p><a href=\"https:\/\/compuworks.pt\/en\/company\/applications\/\">Applications<\/a><\/p>\n<h4>Privacy<\/h4>\n<p><a href=\"https:\/\/compuworks.pt\/en\/privacy-policy\/\">Privacy policy<\/a><\/p>\n<p><a href=\"https:\/\/compuworks.pt\/en\/cookies\/\">Cookie policy<\/a>[\/vc_column_text][\/vc_column][vc_column width=&#8221;1\/3&#8243;][vc_column_text css=&#8221;&#8221;]<\/p>\n<h2 class=\"h5-size\">Main phone:<\/h2>\n<p>+351 21 313 86 03<\/p>\n<h2 class=\"h5-size\">email:<\/h2>\n<p><a title=\"email de contacto\" href=\"mailto:geral@compuworks.pt\" rel=\"noreferrer noopener\">geral@compuworks.pt<\/a><\/p>\n<h2 class=\"h5-size\">Support 24hx7<\/h2>\n<p><strong>21 313 86 03<\/strong>[\/vc_column_text]<style type=\"text\/css\" data-type=\"the7_shortcodes-inline-css\">#default-btn-d355fe8e778f7af76f9945252d2deeed {\n  border-radius: 1px;\n  font-size: 14px;\n  line-height: 16px;\n}\n.btn-shadow#default-btn-d355fe8e778f7af76f9945252d2deeed {\n  box-shadow: 0 1px 6px rgba(0,0,0,0.12);\n  transition: box-shadow 0.2s ease-out, opacity 0.45s;\n}\n.btn-shadow#default-btn-d355fe8e778f7af76f9945252d2deeed:hover {\n  box-shadow: 0 5px 11px 0 rgba(0,0,0,0.18), 0 4px 15px 0 rgba(0,0,0,0.15);\n}\n.btn-flat#default-btn-d355fe8e778f7af76f9945252d2deeed {\n  box-shadow: none;\n}\n.btn-flat#default-btn-d355fe8e778f7af76f9945252d2deeed:hover {\n  box-shadow: none;\n}\n#default-btn-d355fe8e778f7af76f9945252d2deeed.ico-right-side > i {\n  margin-right: 0px;\n  margin-left: 8px;\n}\n#default-btn-d355fe8e778f7af76f9945252d2deeed > i {\n  margin-right: 8px;\n  font-size: 12px;\n}\n#default-btn-d355fe8e778f7af76f9945252d2deeed:not(:hover) {\n  border-width: 0px;\n  padding: 0px 0px 0px 0px;\n}\n#default-btn-d355fe8e778f7af76f9945252d2deeed:hover {\n  border-width: 0px;\n  padding: 0px 0px 0px 0px;\n}\n#default-btn-d355fe8e778f7af76f9945252d2deeed.ico-right-side > i {\n  margin-right: 0px;\n  margin-left: 8px;\n}\n#default-btn-d355fe8e778f7af76f9945252d2deeed > i {\n  margin-right: 8px;\n}<\/style><div class=\"btn-align-left\"><a href=\"https:\/\/get.teamviewer.com\/ft65ymt\" class=\"default-btn-shortcode dt-btn link-hover-off ico-right-side btn-orange btn-flat \" target=\"_blank\" id=\"default-btn-d355fe8e778f7af76f9945252d2deeed\" title=\"Suporte remoto - Team Viewer\" rel=\"nofollow noopener\"><span>REMOTE SUPPORT<\/span><i class=\"dt-icon-the7-arrow-0-41\"><\/i><\/a><\/div>[\/vc_column][\/vc_row]<\/p>\n<\/div>","protected":false},"excerpt":{"rendered":"<p>[vc_row full_width=&#8221;stretch_row&#8221; el_id=&#8221;top&#8221; el_class=&#8221;dark-bg header-bg-purple&#8221;][vc_column css=&#8221;.vc_custom_1684492694558{padding-top: 50px !important;}&#8221;][vc_row_inner el_class=&#8221;vc_hidden-sm vc_hidden-xs&#8221; css=&#8221;.vc_custom_1698824826600{padding-top: 0px !important;padding-bottom: 5px !important;}&#8221;][vc_column_inner][\/vc_column_inner][\/vc_row_inner][vc_row_inner equal_height=&#8221;yes&#8221; content_placement=&#8221;top&#8221; css=&#8221;.vc_custom_1698824822628{padding-top: 0px !important;padding-bottom: 50px !important;}&#8221;][vc_column_inner offset=&#8221;vc_col-md-3\/5&#8243;][vc_column_text] We Work, IT Works. [\/vc_column_text][vc_column_text css=&#8221;&#8221; el_class=&#8221;white&#8221;] We make IT Work. [\/vc_column_text][\/vc_column_inner][vc_column_inner offset=&#8221;vc_col-md-2\/5 vc_hidden-sm vc_hidden-xs&#8221;][\/vc_column_inner][\/vc_row_inner][\/vc_column][\/vc_row][vc_row css=&#8221;.vc_custom_1699965773157{padding-top: 60px !important;}&#8221; el_id=&#8221;search-pages&#8221;][vc_column][vc_wp_search title=&#8221;Search site&#8221;][\/vc_column][\/vc_row][vc_row css=&#8221;.vc_custom_1699962344889{padding-top: 60px !important;padding-bottom: 60px !important;}&#8221;][vc_column width=&#8221;2\/3&#8243;][vc_column_text css=&#8221;&#8221;] Pages Home IT Services&hellip;<\/p>\n","protected":false},"author":1,"featured_media":5033,"parent":0,"menu_order":200,"comment_status":"closed","ping_status":"closed","template":"","meta":{"inline_featured_image":false,"footnotes":""},"class_list":["post-5044","page","type-page","status-publish","has-post-thumbnail","hentry","description-off"],"yoast_head":"<!-- This site is optimized with the Yoast SEO plugin v27.5 - https:\/\/yoast.com\/product\/yoast-seo-wordpress\/ -->\n<title>Mapa do site | CompuWorks<\/title>\n<meta name=\"description\" content=\"Aqui pode ser vista o mapa do site \u00c9 poss\u00edvel ver todas as sec\u00e7\u00f5es do site onde os utilizadores podem obter informa\u00e7\u00f5es sobre a Compuworks.\" \/>\n<meta name=\"robots\" content=\"index, follow, max-snippet:-1, max-image-preview:large, max-video-preview:-1\" \/>\n<link rel=\"canonical\" href=\"https:\/\/compuworks.pt\/en\/sitemap\/\" \/>\n<meta property=\"og:locale\" content=\"en_US\" \/>\n<meta property=\"og:type\" content=\"article\" \/>\n<meta property=\"og:title\" content=\"Mapa do site | CompuWorks\" \/>\n<meta property=\"og:description\" content=\"Aqui pode ser vista o mapa do site \u00c9 poss\u00edvel ver todas as sec\u00e7\u00f5es do site onde os utilizadores podem obter informa\u00e7\u00f5es sobre a Compuworks.\" \/>\n<meta property=\"og:url\" content=\"https:\/\/compuworks.pt\/en\/sitemap\/\" \/>\n<meta property=\"og:site_name\" content=\"CompuWorks\" \/>\n<meta property=\"article:modified_time\" content=\"2025-08-26T16:36:18+00:00\" \/>\n<meta property=\"og:image\" content=\"https:\/\/compuworks.pt\/wp-content\/uploads\/2018\/11\/compuworks-sitemap.png\" \/>\n\t<meta property=\"og:image:width\" content=\"475\" \/>\n\t<meta property=\"og:image:height\" content=\"475\" \/>\n\t<meta property=\"og:image:type\" content=\"image\/png\" \/>\n<meta name=\"twitter:card\" content=\"summary_large_image\" \/>\n<meta name=\"twitter:site\" content=\"@compuworks_360\" \/>\n<script type=\"application\/ld+json\" class=\"yoast-schema-graph\">{\"@context\":\"https:\\\/\\\/schema.org\",\"@graph\":[{\"@type\":\"WebPage\",\"@id\":\"https:\\\/\\\/compuworks.pt\\\/en\\\/sitemap\\\/\",\"url\":\"https:\\\/\\\/compuworks.pt\\\/en\\\/sitemap\\\/\",\"name\":\"Mapa do site | CompuWorks\",\"isPartOf\":{\"@id\":\"https:\\\/\\\/compuworks.pt\\\/en\\\/#website\"},\"primaryImageOfPage\":{\"@id\":\"https:\\\/\\\/compuworks.pt\\\/en\\\/sitemap\\\/#primaryimage\"},\"image\":{\"@id\":\"https:\\\/\\\/compuworks.pt\\\/en\\\/sitemap\\\/#primaryimage\"},\"thumbnailUrl\":\"https:\\\/\\\/compuworks.pt\\\/wp-content\\\/uploads\\\/2018\\\/11\\\/compuworks-sitemap.png\",\"datePublished\":\"2018-11-02T10:48:54+00:00\",\"dateModified\":\"2025-08-26T16:36:18+00:00\",\"description\":\"Aqui pode ser vista o mapa do site \u00c9 poss\u00edvel ver todas as sec\u00e7\u00f5es do site onde os utilizadores podem obter informa\u00e7\u00f5es sobre a Compuworks.\",\"breadcrumb\":{\"@id\":\"https:\\\/\\\/compuworks.pt\\\/en\\\/sitemap\\\/#breadcrumb\"},\"inLanguage\":\"en-US\",\"potentialAction\":[{\"@type\":\"ReadAction\",\"target\":[\"https:\\\/\\\/compuworks.pt\\\/en\\\/sitemap\\\/\"]}]},{\"@type\":\"ImageObject\",\"inLanguage\":\"en-US\",\"@id\":\"https:\\\/\\\/compuworks.pt\\\/en\\\/sitemap\\\/#primaryimage\",\"url\":\"https:\\\/\\\/compuworks.pt\\\/wp-content\\\/uploads\\\/2018\\\/11\\\/compuworks-sitemap.png\",\"contentUrl\":\"https:\\\/\\\/compuworks.pt\\\/wp-content\\\/uploads\\\/2018\\\/11\\\/compuworks-sitemap.png\",\"width\":475,\"height\":475,\"caption\":\"COMPUWORKS IS A 360\u00ba PARTNER\"},{\"@type\":\"BreadcrumbList\",\"@id\":\"https:\\\/\\\/compuworks.pt\\\/en\\\/sitemap\\\/#breadcrumb\",\"itemListElement\":[{\"@type\":\"ListItem\",\"position\":1,\"name\":\"Home\",\"item\":\"https:\\\/\\\/compuworks.pt\\\/en\\\/\"},{\"@type\":\"ListItem\",\"position\":2,\"name\":\"Sitemap\"}]},{\"@type\":\"WebSite\",\"@id\":\"https:\\\/\\\/compuworks.pt\\\/en\\\/#website\",\"url\":\"https:\\\/\\\/compuworks.pt\\\/en\\\/\",\"name\":\"CompuWorks\",\"description\":\"We work, IT works\",\"publisher\":{\"@id\":\"https:\\\/\\\/compuworks.pt\\\/en\\\/#organization\"},\"alternateName\":\"CompuWorks\",\"potentialAction\":[{\"@type\":\"SearchAction\",\"target\":{\"@type\":\"EntryPoint\",\"urlTemplate\":\"https:\\\/\\\/compuworks.pt\\\/en\\\/?s={search_term_string}\"},\"query-input\":{\"@type\":\"PropertyValueSpecification\",\"valueRequired\":true,\"valueName\":\"search_term_string\"}}],\"inLanguage\":\"en-US\"},{\"@type\":\"Organization\",\"@id\":\"https:\\\/\\\/compuworks.pt\\\/en\\\/#organization\",\"name\":\"CompuWorks\",\"alternateName\":\"CompuWorks - We work, IT works\",\"url\":\"https:\\\/\\\/compuworks.pt\\\/en\\\/\",\"logo\":{\"@type\":\"ImageObject\",\"inLanguage\":\"en-US\",\"@id\":\"https:\\\/\\\/compuworks.pt\\\/en\\\/#\\\/schema\\\/logo\\\/image\\\/\",\"url\":\"https:\\\/\\\/compuworks.pt\\\/wp-content\\\/uploads\\\/2023\\\/10\\\/logo-compuworks.svg\",\"contentUrl\":\"https:\\\/\\\/compuworks.pt\\\/wp-content\\\/uploads\\\/2023\\\/10\\\/logo-compuworks.svg\",\"width\":100,\"height\":100,\"caption\":\"CompuWorks\"},\"image\":{\"@id\":\"https:\\\/\\\/compuworks.pt\\\/en\\\/#\\\/schema\\\/logo\\\/image\\\/\"},\"sameAs\":[\"https:\\\/\\\/x.com\\\/compuworks_360\",\"https:\\\/\\\/www.linkedin.com\\\/company\\\/compuworks-weworkforit\\\/\",\"https:\\\/\\\/www.youtube.com\\\/user\\\/compuworks1\\\/\"]}]}<\/script>\n<!-- \/ Yoast SEO plugin. -->","yoast_head_json":{"title":"Mapa do site | CompuWorks","description":"Aqui pode ser vista o mapa do site \u00c9 poss\u00edvel ver todas as sec\u00e7\u00f5es do site onde os utilizadores podem obter informa\u00e7\u00f5es sobre a Compuworks.","robots":{"index":"index","follow":"follow","max-snippet":"max-snippet:-1","max-image-preview":"max-image-preview:large","max-video-preview":"max-video-preview:-1"},"canonical":"https:\/\/compuworks.pt\/en\/sitemap\/","og_locale":"en_US","og_type":"article","og_title":"Mapa do site | CompuWorks","og_description":"Aqui pode ser vista o mapa do site \u00c9 poss\u00edvel ver todas as sec\u00e7\u00f5es do site onde os utilizadores podem obter informa\u00e7\u00f5es sobre a Compuworks.","og_url":"https:\/\/compuworks.pt\/en\/sitemap\/","og_site_name":"CompuWorks","article_modified_time":"2025-08-26T16:36:18+00:00","og_image":[{"width":475,"height":475,"url":"https:\/\/compuworks.pt\/wp-content\/uploads\/2018\/11\/compuworks-sitemap.png","type":"image\/png"}],"twitter_card":"summary_large_image","twitter_site":"@compuworks_360","schema":{"@context":"https:\/\/schema.org","@graph":[{"@type":"WebPage","@id":"https:\/\/compuworks.pt\/en\/sitemap\/","url":"https:\/\/compuworks.pt\/en\/sitemap\/","name":"Mapa do site | CompuWorks","isPartOf":{"@id":"https:\/\/compuworks.pt\/en\/#website"},"primaryImageOfPage":{"@id":"https:\/\/compuworks.pt\/en\/sitemap\/#primaryimage"},"image":{"@id":"https:\/\/compuworks.pt\/en\/sitemap\/#primaryimage"},"thumbnailUrl":"https:\/\/compuworks.pt\/wp-content\/uploads\/2018\/11\/compuworks-sitemap.png","datePublished":"2018-11-02T10:48:54+00:00","dateModified":"2025-08-26T16:36:18+00:00","description":"Aqui pode ser vista o mapa do site \u00c9 poss\u00edvel ver todas as sec\u00e7\u00f5es do site onde os utilizadores podem obter informa\u00e7\u00f5es sobre a Compuworks.","breadcrumb":{"@id":"https:\/\/compuworks.pt\/en\/sitemap\/#breadcrumb"},"inLanguage":"en-US","potentialAction":[{"@type":"ReadAction","target":["https:\/\/compuworks.pt\/en\/sitemap\/"]}]},{"@type":"ImageObject","inLanguage":"en-US","@id":"https:\/\/compuworks.pt\/en\/sitemap\/#primaryimage","url":"https:\/\/compuworks.pt\/wp-content\/uploads\/2018\/11\/compuworks-sitemap.png","contentUrl":"https:\/\/compuworks.pt\/wp-content\/uploads\/2018\/11\/compuworks-sitemap.png","width":475,"height":475,"caption":"COMPUWORKS IS A 360\u00ba PARTNER"},{"@type":"BreadcrumbList","@id":"https:\/\/compuworks.pt\/en\/sitemap\/#breadcrumb","itemListElement":[{"@type":"ListItem","position":1,"name":"Home","item":"https:\/\/compuworks.pt\/en\/"},{"@type":"ListItem","position":2,"name":"Sitemap"}]},{"@type":"WebSite","@id":"https:\/\/compuworks.pt\/en\/#website","url":"https:\/\/compuworks.pt\/en\/","name":"CompuWorks","description":"We work, IT works","publisher":{"@id":"https:\/\/compuworks.pt\/en\/#organization"},"alternateName":"CompuWorks","potentialAction":[{"@type":"SearchAction","target":{"@type":"EntryPoint","urlTemplate":"https:\/\/compuworks.pt\/en\/?s={search_term_string}"},"query-input":{"@type":"PropertyValueSpecification","valueRequired":true,"valueName":"search_term_string"}}],"inLanguage":"en-US"},{"@type":"Organization","@id":"https:\/\/compuworks.pt\/en\/#organization","name":"CompuWorks","alternateName":"CompuWorks - We work, IT works","url":"https:\/\/compuworks.pt\/en\/","logo":{"@type":"ImageObject","inLanguage":"en-US","@id":"https:\/\/compuworks.pt\/en\/#\/schema\/logo\/image\/","url":"https:\/\/compuworks.pt\/wp-content\/uploads\/2023\/10\/logo-compuworks.svg","contentUrl":"https:\/\/compuworks.pt\/wp-content\/uploads\/2023\/10\/logo-compuworks.svg","width":100,"height":100,"caption":"CompuWorks"},"image":{"@id":"https:\/\/compuworks.pt\/en\/#\/schema\/logo\/image\/"},"sameAs":["https:\/\/x.com\/compuworks_360","https:\/\/www.linkedin.com\/company\/compuworks-weworkforit\/","https:\/\/www.youtube.com\/user\/compuworks1\/"]}]}},"_links":{"self":[{"href":"https:\/\/compuworks.pt\/en\/wp-json\/wp\/v2\/pages\/5044","targetHints":{"allow":["GET"]}}],"collection":[{"href":"https:\/\/compuworks.pt\/en\/wp-json\/wp\/v2\/pages"}],"about":[{"href":"https:\/\/compuworks.pt\/en\/wp-json\/wp\/v2\/types\/page"}],"author":[{"embeddable":true,"href":"https:\/\/compuworks.pt\/en\/wp-json\/wp\/v2\/users\/1"}],"replies":[{"embeddable":true,"href":"https:\/\/compuworks.pt\/en\/wp-json\/wp\/v2\/comments?post=5044"}],"version-history":[{"count":3,"href":"https:\/\/compuworks.pt\/en\/wp-json\/wp\/v2\/pages\/5044\/revisions"}],"predecessor-version":[{"id":17131,"href":"https:\/\/compuworks.pt\/en\/wp-json\/wp\/v2\/pages\/5044\/revisions\/17131"}],"wp:featuredmedia":[{"embeddable":true,"href":"https:\/\/compuworks.pt\/en\/wp-json\/wp\/v2\/media\/5033"}],"wp:attachment":[{"href":"https:\/\/compuworks.pt\/en\/wp-json\/wp\/v2\/media?parent=5044"}],"curies":[{"name":"wp","href":"https:\/\/api.w.org\/{rel}","templated":true}]}}